{"id":2,"date":"2009-06-16T17:23:46","date_gmt":"2009-06-16T13:23:46","guid":{"rendered":"http:\/\/novamuska.org\/?page_id=2"},"modified":"2024-10-10T09:15:03","modified_gmt":"2024-10-10T07:15:03","slug":"about","status":"publish","type":"page","link":"https:\/\/novamuska.org\/?page_id=2","title":{"rendered":"Kolofon"},"content":{"rendered":"<p>Glavni urednik: dr. Jo\u017ee Vogrinc<\/p>\n<p>Odgovorni urednik:\u00a0Igor Ba\u0161in<\/p>\n<p>Uredni\u0161tvo: Katarina Juvan\u010di\u010d, Ika Pru\u0161ek, dr. Mitja Reichenberg, dr. I\u010do Vidmar<\/p>\n<p>Tehni\u010dni urednik: Tit Podobnik<\/p>\n<p>Kontakt: revijamuska na gmail.com.<\/p>\n<p><a href=\"http:\/\/www.facebook.com\/?ref=home#!\/group.php?gid=55249507296&amp;ref=ts\" target=\"_blank\" rel=\"noopener noreferrer\">Facebook skupina<\/a><\/p>\n<p><a href=\"http:\/\/www.facebook.com\/profile.php?id=100001174418452&amp;ref=ts\" target=\"_blank\" rel=\"noopener noreferrer\">Facebook profil<\/a><\/p>\n<p>Nova Muska je odprta za ogla\u0161evanje. Za ve\u010d informacij\u00a0nas kontaktirajte na e-mail naslov.<\/p>\n<p><a href=\"https:\/\/novamuska.org\/?attachment_id=28098\" rel=\"attachment wp-att-16431\"><img loading=\"lazy\" decoding=\"async\" class=\"aligncenter wp-image-28098 size-full\" src=\"https:\/\/novamuska.org\/wp-content\/uploads\/2024\/10\/admin-ajax2.jpg\" alt=\"\" width=\"400\" height=\"600\" \/><\/a><\/p>\n","protected":false},"excerpt":{"rendered":"<p>Glavni urednik: dr. Jo\u017ee Vogrinc Odgovorni urednik:\u00a0Igor Ba\u0161in Uredni\u0161tvo: Katarina Juvan\u010di\u010d, Ika Pru\u0161ek, dr. Mitja Reichenberg, dr. I\u010do Vidmar Tehni\u010dni urednik: Tit Podobnik Kontakt: revijamuska&hellip; <\/p>\n","protected":false},"author":3,"featured_media":0,"parent":0,"menu_order":0,"comment_status":"closed","ping_status":"closed","template":"","meta":{"footnotes":""},"class_list":["post-2","page","type-page","status-publish","hentry"],"_links":{"self":[{"href":"https:\/\/novamuska.org\/index.php?rest_route=\/wp\/v2\/pages\/2","targetHints":{"allow":["GET"]}}],"collection":[{"href":"https:\/\/novamuska.org\/index.php?rest_route=\/wp\/v2\/pages"}],"about":[{"href":"https:\/\/novamuska.org\/index.php?rest_route=\/wp\/v2\/types\/page"}],"author":[{"embeddable":true,"href":"https:\/\/novamuska.org\/index.php?rest_route=\/wp\/v2\/users\/3"}],"replies":[{"embeddable":true,"href":"https:\/\/novamuska.org\/index.php?rest_route=%2Fwp%2Fv2%2Fcomments&post=2"}],"version-history":[{"count":29,"href":"https:\/\/novamuska.org\/index.php?rest_route=\/wp\/v2\/pages\/2\/revisions"}],"predecessor-version":[{"id":28099,"href":"https:\/\/novamuska.org\/index.php?rest_route=\/wp\/v2\/pages\/2\/revisions\/28099"}],"wp:attachment":[{"href":"https:\/\/novamuska.org\/index.php?rest_route=%2Fwp%2Fv2%2Fmedia&parent=2"}],"curies":[{"name":"wp","href":"https:\/\/api.w.org\/{rel}","templated":true}]}}